{"id":85,"date":"2013-06-06T21:03:21","date_gmt":"2013-06-07T01:03:21","guid":{"rendered":"http:\/\/www.teodosiocayo.cl\/web\/?page_id=85"},"modified":"2025-03-11T17:50:22","modified_gmt":"2025-03-11T21:50:22","slug":"estudios-y-titulos","status":"publish","type":"page","link":"https:\/\/www.teodosiocayo.cl\/web\/teodosio-cayo-a\/estudios-y-titulos\/","title":{"rendered":"Estudios y T\u00edtulos"},"content":{"rendered":"<div class=\"wpb-content-wrapper\"><p>[vc_row css=\u00bb.vc_custom_1436585168206{margin-bottom: -5px !important;}\u00bb][vc_column][vc_empty_space height=\u00bb20px\u00bb][vc_custom_heading text=\u00bbTeodosio Cayo Araya | Estudios y T\u00edtulos\u00bb font_container=\u00bbtag:h2|text_align:left|color:%2370b509&#8243; google_fonts=\u00bbfont_family:Dosis%3A200%2C300%2Cregular%2C500%2C600%2C700%2C800|font_style:500%20bold%20regular%3A500%3Anormal\u00bb][vc_separator][\/vc_column][\/vc_row][vc_row css=\u00bb.vc_custom_1436583053649{margin-top: 20px !important;}\u00bb][vc_column width=\u00bb3\/4&#8243;][vc_row_inner][vc_column_inner width=\u00bb1\/2&#8243;][vc_column_text css=\u00bb\u00bb]<strong>T\u00edtulo<\/strong><b><br \/>\n<span style=\"color: #527d36;\">Ingeniero Civil en Construcci\u00f3n<\/span><br \/>\n<\/b><em>Escuela de Ingenier\u00eda en Construcci\u00f3n<br \/>\nFacultad de Ingenier\u00eda Civil, Universidad Cat\u00f3lica de Valpara\u00edso.<\/em><\/p>\n<p><a href=\"https:\/\/www.teodosiocayo.cl\/web\/wp-content\/uploads\/2025\/03\/Escuela-Ingenieri\u0301a-Construccio\u0301n-PUCV-color.png\"><img loading=\"lazy\" decoding=\"async\" class=\"alignnone wp-image-1644 size-medium\" src=\"https:\/\/www.teodosiocayo.cl\/web\/wp-content\/uploads\/2025\/03\/Escuela-Ingenieri\u0301a-Construccio\u0301n-PUCV-color-300x88.png\" alt=\"\" width=\"300\" height=\"88\" srcset=\"https:\/\/www.teodosiocayo.cl\/web\/wp-content\/uploads\/2025\/03\/Escuela-Ingenieri\u0301a-Construccio\u0301n-PUCV-color-300x88.png 300w, https:\/\/www.teodosiocayo.cl\/web\/wp-content\/uploads\/2025\/03\/Escuela-Ingenieri\u0301a-Construccio\u0301n-PUCV-color-1024x300.png 1024w, https:\/\/www.teodosiocayo.cl\/web\/wp-content\/uploads\/2025\/03\/Escuela-Ingenieri\u0301a-Construccio\u0301n-PUCV-color-768x225.png 768w, https:\/\/www.teodosiocayo.cl\/web\/wp-content\/uploads\/2025\/03\/Escuela-Ingenieri\u0301a-Construccio\u0301n-PUCV-color-1536x450.png 1536w, https:\/\/www.teodosiocayo.cl\/web\/wp-content\/uploads\/2025\/03\/Escuela-Ingenieri\u0301a-Construccio\u0301n-PUCV-color-260x76.png 260w, https:\/\/www.teodosiocayo.cl\/web\/wp-content\/uploads\/2025\/03\/Escuela-Ingenieri\u0301a-Construccio\u0301n-PUCV-color-50x15.png 50w, https:\/\/www.teodosiocayo.cl\/web\/wp-content\/uploads\/2025\/03\/Escuela-Ingenieri\u0301a-Construccio\u0301n-PUCV-color-150x44.png 150w, https:\/\/www.teodosiocayo.cl\/web\/wp-content\/uploads\/2025\/03\/Escuela-Ingenieri\u0301a-Construccio\u0301n-PUCV-color.png 1581w\" sizes=\"(max-width: 300px) 100vw, 300px\" \/><\/a>[\/vc_column_text][\/vc_column_inner][vc_column_inner width=\u00bb1\/2&#8243;][vc_column_text css=\u00bb\u00bb]<span style=\"color: #527d36;\"><strong>Mag\u00edster en Direcci\u00f3n y Administraci\u00f3n de Proyectos Inmobiliarios<\/strong><\/span><br \/>\n<em>Facultad de Arquitectura, Escuela de Postgrado Universidad de Chile, Facultad de Arquitectura (2011 &#8211; 2003).<\/em><\/p>\n<p style=\"text-align: justify;\"><a href=\"http:\/\/www.teodosiocayo.cl\/web\/wp-content\/uploads\/2013\/06\/uchile_arq.jpg\"><img loading=\"lazy\" decoding=\"async\" class=\"alignnone size-full wp-image-317\" src=\"http:\/\/www.teodosiocayo.cl\/web\/wp-content\/uploads\/2013\/06\/uchile_arq.jpg\" alt=\"uchile_arq\" width=\"170\" height=\"95\" srcset=\"https:\/\/www.teodosiocayo.cl\/web\/wp-content\/uploads\/2013\/06\/uchile_arq.jpg 170w, https:\/\/www.teodosiocayo.cl\/web\/wp-content\/uploads\/2013\/06\/uchile_arq-50x28.jpg 50w, https:\/\/www.teodosiocayo.cl\/web\/wp-content\/uploads\/2013\/06\/uchile_arq-134x75.jpg 134w\" sizes=\"(max-width: 170px) 100vw, 170px\" \/><\/a><\/p>\n<p>[\/vc_column_text][\/vc_column_inner][\/vc_row_inner][vc_separator][vc_row_inner][vc_column_inner width=\u00bb1\/2&#8243;][vc_column_text css=\u00bb\u00bb]<b><span style=\"color: #527d36;\">Candidato a Doctor en Derecho y Administraci\u00f3n de Empresas<\/span><br \/>\n<\/b><em>Universidad de Lleida, Espa\u00f1a.<\/em><\/p>\n<p><a href=\"https:\/\/www.teodosiocayo.cl\/web\/wp-content\/uploads\/2025\/03\/640px-Logo_Universitat_de_Lleida.svg.png\"><img loading=\"lazy\" decoding=\"async\" class=\"alignnone wp-image-1646\" src=\"https:\/\/www.teodosiocayo.cl\/web\/wp-content\/uploads\/2025\/03\/640px-Logo_Universitat_de_Lleida.svg-300x119.png\" alt=\"\" width=\"237\" height=\"94\" srcset=\"https:\/\/www.teodosiocayo.cl\/web\/wp-content\/uploads\/2025\/03\/640px-Logo_Universitat_de_Lleida.svg-300x119.png 300w, https:\/\/www.teodosiocayo.cl\/web\/wp-content\/uploads\/2025\/03\/640px-Logo_Universitat_de_Lleida.svg-260x103.png 260w, https:\/\/www.teodosiocayo.cl\/web\/wp-content\/uploads\/2025\/03\/640px-Logo_Universitat_de_Lleida.svg-50x20.png 50w, https:\/\/www.teodosiocayo.cl\/web\/wp-content\/uploads\/2025\/03\/640px-Logo_Universitat_de_Lleida.svg-150x59.png 150w, https:\/\/www.teodosiocayo.cl\/web\/wp-content\/uploads\/2025\/03\/640px-Logo_Universitat_de_Lleida.svg.png 640w\" sizes=\"(max-width: 237px) 100vw, 237px\" \/><\/a>[\/vc_column_text][\/vc_column_inner][vc_column_inner width=\u00bb1\/2&#8243;][vc_column_text css=\u00bb\u00bb]<strong>Estudios de Postgrado<\/strong><br \/>\n<span style=\"color: #527d36;\"><strong> Diploma en Tasaciones de Inmuebles Urbanos<\/strong><\/span><br \/>\n<em>Facultad de Arquitectura Y Urbanismo (1997) Escuela de Postgrado Universidad de Chile.<\/em><br \/>\n<em> <a href=\"http:\/\/www.teodosiocayo.cl\/web\/wp-content\/uploads\/2013\/06\/uchile_arq.jpg\"><img loading=\"lazy\" decoding=\"async\" class=\"size-full wp-image-317 alignnone\" src=\"http:\/\/www.teodosiocayo.cl\/web\/wp-content\/uploads\/2013\/06\/uchile_arq.jpg\" alt=\"uchile_arq\" width=\"170\" height=\"95\" srcset=\"https:\/\/www.teodosiocayo.cl\/web\/wp-content\/uploads\/2013\/06\/uchile_arq.jpg 170w, https:\/\/www.teodosiocayo.cl\/web\/wp-content\/uploads\/2013\/06\/uchile_arq-50x28.jpg 50w, https:\/\/www.teodosiocayo.cl\/web\/wp-content\/uploads\/2013\/06\/uchile_arq-134x75.jpg 134w\" sizes=\"(max-width: 170px) 100vw, 170px\" \/><\/a><\/em><\/p>\n<p><span style=\"color: #527d36;\"><strong>Diploma en M\u00f3dulos de Investigaci\u00f3n (DMI)<br \/>\n<\/strong><\/span><em>IEDE Center for Executive Education<\/em>[\/vc_column_text][\/vc_column_inner][\/vc_row_inner][\/vc_column][vc_column width=\u00bb1\/4&#8243;][\/vc_column][\/vc_row][vc_row][vc_column][vc_separator][\/vc_column][\/vc_row][vc_row][vc_column width=\u00bb2\/3&#8243;][vc_column_text]<strong>Otros estudios<br \/>\n<span style=\"color: #527d36;\">Master en Valoraciones Inmobiliarias (egresado)<\/span><br \/>\n<\/strong><em>Escuela de Postgrado Universidad Polit\u00e9cnica de Catalu\u00f1a, Barcelona \u2013 Espa\u00f1a en convenio con U. de Chile.<\/em><br \/>\n<em> <a href=\"http:\/\/www.teodosiocayo.cl\/web\/wp-content\/uploads\/2013\/06\/barcelona.jpg\"><img loading=\"lazy\" decoding=\"async\" class=\"alignnone size-full wp-image-325\" src=\"http:\/\/www.teodosiocayo.cl\/web\/wp-content\/uploads\/2013\/06\/barcelona.jpg\" alt=\"barcelona\" width=\"226\" height=\"95\" srcset=\"https:\/\/www.teodosiocayo.cl\/web\/wp-content\/uploads\/2013\/06\/barcelona.jpg 226w, https:\/\/www.teodosiocayo.cl\/web\/wp-content\/uploads\/2013\/06\/barcelona-50x21.jpg 50w, https:\/\/www.teodosiocayo.cl\/web\/wp-content\/uploads\/2013\/06\/barcelona-150x63.jpg 150w\" sizes=\"(max-width: 226px) 100vw, 226px\" \/><\/a><\/em><\/p>\n<p>[\/vc_column_text][\/vc_column][vc_column width=\u00bb1\/3&#8243;][\/vc_column][\/vc_row][vc_row][vc_column][vc_separator][\/vc_column][\/vc_row][vc_row][vc_column width=\u00bb1\/2&#8243;][vc_column_text css=\u00bb\u00bb]<strong>Cursos<\/strong><br \/>\n<span style=\"color: #527d36;\"><strong>Valoraci\u00f3n de empresas<\/strong><\/span><br \/>\n<em>Universidad\u00a0 Polit\u00e9cnica de Valencia, Espa\u00f1a<\/em><br \/>\n<a href=\"http:\/\/www.teodosiocayo.cl\/web\/wp-content\/uploads\/2013\/06\/UVP.jpg\"><img loading=\"lazy\" decoding=\"async\" class=\"alignnone wp-image-912 size-full\" src=\"http:\/\/www.teodosiocayo.cl\/web\/wp-content\/uploads\/2013\/06\/UVP-e1426682634902.jpg\" alt=\"UVP\" width=\"180\" height=\"63\" srcset=\"https:\/\/www.teodosiocayo.cl\/web\/wp-content\/uploads\/2013\/06\/UVP-e1426682634902.jpg 180w, https:\/\/www.teodosiocayo.cl\/web\/wp-content\/uploads\/2013\/06\/UVP-e1426682634902-50x18.jpg 50w, https:\/\/www.teodosiocayo.cl\/web\/wp-content\/uploads\/2013\/06\/UVP-e1426682634902-150x53.jpg 150w\" sizes=\"(max-width: 180px) 100vw, 180px\" \/><\/a><\/p>\n<p><b><span style=\"color: #527d36;\">Normas Internacionales de Informaci\u00f3n Financiera<\/span><br \/>\n<\/b><em>Escuela de Negocios de Santiago<\/em><br \/>\n<em> Facultad de Ciencias Empresariales<\/em><br \/>\n<em> Universidad de Talca \u2013 Campus Santiago<\/em><\/p>\n<p><span style=\"color: #527d36;\"><b>Inferencia Estad\u00edstica Cl\u00e1sica y Espacial<\/b> <strong>Aplicada a Aval\u00faos de Inmuebles<\/strong><\/span><br \/>\n<em>Expositor. Ra\u00fal Dantas &#8211; Brasil<\/em><br \/>\n<em> Instituto Costarricense de Valuaci\u00f3n (ICOVAL) Y UPAV<\/em><br \/>\n<em> San Jos\u00e9, Costa Rica<\/em>[\/vc_column_text][\/vc_column][vc_column width=\u00bb1\/2&#8243;][vc_column_text css=\u00bb\u00bb]<b><span style=\"color: #527d36;\"><br \/>\nRedes Neuronales Artificiales<\/span><br \/>\n<\/b><em>Expositor. Ing. Miguel Camacaro<\/em><br \/>\n<em> Instituto Costarricense de Valuaci\u00f3n (ICOVAL) Y UPAV<\/em><br \/>\n<em> San Jos\u00e9, Costa Rica<\/em><\/p>\n<p><span style=\"color: #527d36;\"><b>Tasaci\u00f3n Aplicada a los Bienes Ra\u00edces Urbanos<\/b><\/span><br \/>\n<em>Instituto de Post-Grado en Estudios Urbanos, Arq. Y Dise\u00f1o<\/em><br \/>\n<em> Pontificia Universidad Cat\u00f3lica de Chile<\/em><\/p>\n<p><span style=\"color: #527d36;\"><b>Tasaci\u00f3n Inmobiliaria Avanzada &#8211; Evaluaci\u00f3n de proyectos y Gesti\u00f3n Medioambiental<\/b>.<\/span><br \/>\n<em>Escuela de Ingenier\u00eda en Construcci\u00f3n.<\/em><br \/>\n<em> Universidad Cat\u00f3lica de Valpara\u00edso.<\/em><br \/>\n<em> Colegio Profesional de Tasadores de Chile A.G.<\/em>[\/vc_column_text][\/vc_column][\/vc_row]<\/p>\n<\/div>","protected":false},"excerpt":{"rendered":"<p> [&hellip;]<\/p>\n","protected":false},"author":3,"featured_media":0,"parent":5,"menu_order":1,"comment_status":"closed","ping_status":"closed","template":"","meta":{"footnotes":""},"class_list":["post-85","page","type-page","status-publish","hentry"],"_links":{"self":[{"href":"https:\/\/www.teodosiocayo.cl\/web\/wp-json\/wp\/v2\/pages\/85"}],"collection":[{"href":"https:\/\/www.teodosiocayo.cl\/web\/wp-json\/wp\/v2\/pages"}],"about":[{"href":"https:\/\/www.teodosiocayo.cl\/web\/wp-json\/wp\/v2\/types\/page"}],"author":[{"embeddable":true,"href":"https:\/\/www.teodosiocayo.cl\/web\/wp-json\/wp\/v2\/users\/3"}],"replies":[{"embeddable":true,"href":"https:\/\/www.teodosiocayo.cl\/web\/wp-json\/wp\/v2\/comments?post=85"}],"version-history":[{"count":72,"href":"https:\/\/www.teodosiocayo.cl\/web\/wp-json\/wp\/v2\/pages\/85\/revisions"}],"predecessor-version":[{"id":1647,"href":"https:\/\/www.teodosiocayo.cl\/web\/wp-json\/wp\/v2\/pages\/85\/revisions\/1647"}],"up":[{"embeddable":true,"href":"https:\/\/www.teodosiocayo.cl\/web\/wp-json\/wp\/v2\/pages\/5"}],"wp:attachment":[{"href":"https:\/\/www.teodosiocayo.cl\/web\/wp-json\/wp\/v2\/media?parent=85"}],"curies":[{"name":"wp","href":"https:\/\/api.w.org\/{rel}","templated":true}]}}