{"id":390,"date":"2013-08-09T20:08:19","date_gmt":"2013-08-10T00:08:19","guid":{"rendered":"http:\/\/www.teodosiocayo.cl\/web\/?page_id=390"},"modified":"2025-03-11T18:22:03","modified_gmt":"2025-03-11T22:22:03","slug":"docencia","status":"publish","type":"page","link":"https:\/\/www.teodosiocayo.cl\/web\/docencia\/","title":{"rendered":"Docencia"},"content":{"rendered":"<div class=\"wpb-content-wrapper\"><p>[vc_row css=\u00bb.vc_custom_1437430684043{margin-bottom: -5px !important;}\u00bb][vc_column][vc_empty_space height=\u00bb20px\u00bb][vc_custom_heading text=\u00bbTeodosio Cayo Araya | Docencia\u00bb font_container=\u00bbtag:h2|text_align:left|color:%2370b509&#8243; google_fonts=\u00bbfont_family:Dosis%3A200%2C300%2Cregular%2C500%2C600%2C700%2C800|font_style:500%20bold%20regular%3A500%3Anormal\u00bb css=\u00bb.vc_custom_1662053786187{margin-bottom: 0px !important;border-bottom-width: 0px !important;padding-bottom: 10px !important;}\u00bb][vc_separator][\/vc_column][\/vc_row][vc_row][vc_column width=\u00bb1\/2&#8243;][vc_column_text css=\u00bb\u00bb]<\/p>\n<ul>\n<li><strong>C\u00e1tedra de Planificaci\u00f3n de Proyectos<\/strong>, <span style=\"color: #000000;\"><em>carrera de Ingenier\u00eda Civil en Obras Civiles, Universidad Diego Portales (2016-2020 \/ 2022 a la fecha)<\/em><\/span><\/li>\n<li><strong>Director del Diploma de Post\u00edtulo en Tasaciones y Evaluaci\u00f3n de Bienes Inmuebles no convencionales con Metodolog\u00edas Avanzadas<\/strong>, <span style=\"color: #000000;\"><em>Universidad de Chile (2022-2024)<\/em><\/span><\/li>\n<li><strong>Profesor de pre grado,<\/strong>\u00a0<span style=\"color: #000000;\"><em>Pontificia Universidad Cat\u00f3lica de Valpara\u00edso (1995-2009)<\/em><\/span><\/li>\n<li><strong>Profesor de post grado\u00a0en Diploma de Tasaci\u00f3n:<\/strong><br \/>\n<span style=\"color: #000000;\"><em>Universidad de Chile (1997 a la fecha)<\/em><\/span><br \/>\n<span style=\"color: #000000;\"><em>Pontificia Universidad Cat\u00f3lica de Chile (2010 a 2020)<\/em><\/span><\/li>\n<li><strong>Cursos espec\u00edficos de Tasaci\u00f3n<\/strong>, <span style=\"color: #000000;\"><em>Universidad Cat\u00f3lica del Maule, Universidad de Las Am\u00e9ricas<\/em><\/span><\/li>\n<li><strong>Profesor en materias inmobiliarias<\/strong> <span style=\"color: #000000;\"><em>para CAADEM Ltda., Learning Group SA, Instituto Inmobiliario de Chile<\/em><\/span><\/li>\n<li><strong>Profesor en cursos de tasaciones<\/strong> <span style=\"color: #000000;\"><em>dictados para Servicio de Impuestos Internos (SII), Indap, Serviu, entre otros.<\/em><\/span><\/li>\n<\/ul>\n<p>[\/vc_column_text][\/vc_column][vc_column width=\u00bb1\/2&#8243;][vc_single_image image=\u00bb1649&#8243; img_size=\u00bbfull\u00bb css=\u00bb\u00bb][\/vc_column][\/vc_row][vc_column][\/vc_column]<\/p>\n<\/div>","protected":false},"excerpt":{"rendered":"<p> [&hellip;]<\/p>\n","protected":false},"author":3,"featured_media":0,"parent":0,"menu_order":0,"comment_status":"closed","ping_status":"closed","template":"","meta":{"footnotes":""},"class_list":["post-390","page","type-page","status-publish","hentry"],"_links":{"self":[{"href":"https:\/\/www.teodosiocayo.cl\/web\/wp-json\/wp\/v2\/pages\/390"}],"collection":[{"href":"https:\/\/www.teodosiocayo.cl\/web\/wp-json\/wp\/v2\/pages"}],"about":[{"href":"https:\/\/www.teodosiocayo.cl\/web\/wp-json\/wp\/v2\/types\/page"}],"author":[{"embeddable":true,"href":"https:\/\/www.teodosiocayo.cl\/web\/wp-json\/wp\/v2\/users\/3"}],"replies":[{"embeddable":true,"href":"https:\/\/www.teodosiocayo.cl\/web\/wp-json\/wp\/v2\/comments?post=390"}],"version-history":[{"count":49,"href":"https:\/\/www.teodosiocayo.cl\/web\/wp-json\/wp\/v2\/pages\/390\/revisions"}],"predecessor-version":[{"id":1650,"href":"https:\/\/www.teodosiocayo.cl\/web\/wp-json\/wp\/v2\/pages\/390\/revisions\/1650"}],"wp:attachment":[{"href":"https:\/\/www.teodosiocayo.cl\/web\/wp-json\/wp\/v2\/media?parent=390"}],"curies":[{"name":"wp","href":"https:\/\/api.w.org\/{rel}","templated":true}]}}