{"id":31,"date":"2013-06-04T15:04:40","date_gmt":"2013-06-04T15:04:40","guid":{"rendered":"http:\/\/www.teodosiocayo.cl\/web\/?page_id=31"},"modified":"2022-09-01T13:40:12","modified_gmt":"2022-09-01T17:40:12","slug":"servicios","status":"publish","type":"page","link":"https:\/\/www.teodosiocayo.cl\/web\/servicios\/","title":{"rendered":"Servicios"},"content":{"rendered":"<div class=\"wpb-content-wrapper\"><p>[vc_row][vc_column][vc_empty_space height=\u00bb20px\u00bb][vc_custom_heading text=\u00bbTeodosio Cayo A. | Servicios\u00bb font_container=\u00bbtag:h2|text_align:left|color:%2370b509&#8243; google_fonts=\u00bbfont_family:Dosis%3A200%2C300%2Cregular%2C500%2C600%2C700%2C800|font_style:500%20bold%20regular%3A500%3Anormal\u00bb][vc_separator][\/vc_column][\/vc_row][vc_row][vc_column][vc_tour][vc_tab title=\u00bbTasaciones y Asesor\u00edas\u00bb tab_id=\u00bb7c688789-0d3a-2&#8243;][vc_row_inner][vc_column_inner width=\u00bb2\/3&#8243;][vc_column_text]<\/p>\n<ul>\n<li><span style=\"color: #808080;\">Valoraci\u00f3n de activos tangibles e intangibles<\/span><\/li>\n<li><span style=\"color: #808080;\">Administraci\u00f3n de inventarios y valoraci\u00f3n de bienes y derechos.<\/span><\/li>\n<li><span style=\"color: #808080;\">Asesor\u00eda en normas inmobiliaria y de valoraci\u00f3n IVSC e IFRS<\/span><\/li>\n<li><span style=\"color: #808080;\">An\u00e1lisis de carteras de riesgo y productos<\/span><\/li>\n<li><span style=\"color: #808080;\">An\u00e1lisis de cartera<\/span><\/li>\n<li><span style=\"color: #808080;\">Modelamientos matem\u00e1ticos predictivos<\/span><\/li>\n<li><span style=\"color: #808080;\">Sevicios inform\u00e1ticos de mejoras en contactabilidad telef\u00f3nica<\/span><\/li>\n<\/ul>\n<p>[\/vc_column_text][\/vc_column_inner][vc_column_inner width=\u00bb1\/3&#8243;][vc_single_image image=\u00bb136&#8243; img_size=\u00bbfull\u00bb css_animation=\u00bbleft-to-right\u00bb][\/vc_column_inner][\/vc_row_inner][\/vc_tab][vc_tab title=\u00bbContribuciones\u00bb tab_id=\u00bb5eed9412-f41e-4&#8243;][vc_row_inner][vc_column_inner width=\u00bb2\/3&#8243;][vc_column_text]<\/p>\n<ul>\n<li><span style=\"color: #808080;\">Determinaci\u00f3n de aval\u00faos<\/span><\/li>\n<li><span style=\"color: #808080;\">Asesoramiento en valoraci\u00f3n catastral<\/span><\/li>\n<li><span style=\"color: #808080;\">Reclamaciones e impuestos<\/span><\/li>\n<li><span style=\"color: #808080;\">An\u00e1lisis de los factores y posibilidades que inciden en el impuesto territorial.<\/span><\/li>\n<li><span style=\"color: #808080;\">Condiciones de las Edificaciones<\/span><\/li>\n<\/ul>\n<p>[\/vc_column_text][\/vc_column_inner][vc_column_inner width=\u00bb1\/3&#8243;][vc_single_image image=\u00bb135&#8243; img_size=\u00bbfull\u00bb css_animation=\u00bbleft-to-right\u00bb][\/vc_column_inner][\/vc_row_inner][\/vc_tab][vc_tab title=\u00bbServicios a empresas\u00bb tab_id=\u00bb1437439790484-2-3&#8243;][vc_row_inner][vc_column_inner width=\u00bb2\/3&#8243;][vc_column_text]Completo servicio de integraci\u00f3n de los diferentes requerimientos de vuestra empresa en temas referidos a valoraciones, regularizaciones y aplicaci\u00f3n de la la norma IFRS., tales como:<\/p>\n<ul>\n<li><span style=\"color: #808080;\">Revisi\u00f3n, codificaci\u00f3n, validaci\u00f3n y valoraci\u00f3n de Inventarios.<\/span><\/li>\n<li><span style=\"color: #808080;\">Levantamiento detallado de las unidades funcionales.<\/span><\/li>\n<li><span style=\"color: #808080;\">Estructuraci\u00f3n de inventarios a nivel de familias y subfamilias.<\/span><\/li>\n<li><span style=\"color: #808080;\">C\u00e1lculo de pasivos contingentes.<\/span><\/li>\n<li><span style=\"color: #808080;\">Determinaci\u00f3n de deterioros, vida \u00fatil, modelos de evaluaci\u00f3n.<\/span><\/li>\n<li><span style=\"color: #808080;\">Valoraci\u00f3n de activos a Valor Justo (Fair Value)<\/span><\/li>\n<li><span style=\"color: #808080;\">Estructuraci\u00f3n de activos contables conforme a Norma.<\/span><\/li>\n<li><span style=\"color: #808080;\">\u00cdndices de gesti\u00f3n contable y administraci\u00f3n financiera (MIS)<\/span><\/li>\n<li><span style=\"color: #808080;\">Conciliaci\u00f3n de Valor Justo y Valoraci\u00f3n de Activos Contables<\/span><\/li>\n<li><span style=\"color: #808080;\">Asesor\u00eda profesional multidisciplinaria<\/span><\/li>\n<li><span style=\"color: #808080;\">Desarrollo metodol\u00f3gico para valorar diferentes activos contables.<\/span><\/li>\n<li><span style=\"color: #808080;\">Procedimientos necesarios para mantener la adecuada continuidad de las actividades en funci\u00f3n del cumplimiento normativo<\/span><\/li>\n<\/ul>\n<p>[\/vc_column_text][\/vc_column_inner][vc_column_inner width=\u00bb1\/3&#8243;][vc_single_image image=\u00bb148&#8243; img_size=\u00bbfull\u00bb css_animation=\u00bbright-to-left\u00bb][\/vc_column_inner][\/vc_row_inner][\/vc_tab][vc_tab title=\u00bbAnalisis de Rentabilidad y Riesgo\u00bb tab_id=\u00bb1437439915595-3-8&#8243;][vc_row_inner][vc_column_inner width=\u00bb2\/3&#8243;][vc_column_text]<\/p>\n<ul>\n<li><span style=\"color: #808080;\">Habitacionales<\/span><\/li>\n<li><span style=\"color: #808080;\">Industriales<\/span><\/li>\n<li><span style=\"color: #808080;\">Desarrollo Urbano<\/span><\/li>\n<li><span style=\"color: #808080;\">Avances de Obras<\/span><\/li>\n<li><span style=\"color: #808080;\">Estados de Pago<\/span><\/li>\n<\/ul>\n<p>[\/vc_column_text][\/vc_column_inner][vc_column_inner width=\u00bb1\/3&#8243;][vc_single_image image=\u00bb149&#8243; img_size=\u00bbfull\u00bb css_animation=\u00bbleft-to-right\u00bb][\/vc_column_inner][\/vc_row_inner][\/vc_tab][\/vc_tour][\/vc_column][\/vc_row]<\/p>\n<\/div>","protected":false},"excerpt":{"rendered":"<p> [&hellip;]<\/p>\n","protected":false},"author":3,"featured_media":0,"parent":0,"menu_order":0,"comment_status":"closed","ping_status":"closed","template":"","meta":{"footnotes":""},"class_list":["post-31","page","type-page","status-publish","hentry"],"_links":{"self":[{"href":"https:\/\/www.teodosiocayo.cl\/web\/wp-json\/wp\/v2\/pages\/31"}],"collection":[{"href":"https:\/\/www.teodosiocayo.cl\/web\/wp-json\/wp\/v2\/pages"}],"about":[{"href":"https:\/\/www.teodosiocayo.cl\/web\/wp-json\/wp\/v2\/types\/page"}],"author":[{"embeddable":true,"href":"https:\/\/www.teodosiocayo.cl\/web\/wp-json\/wp\/v2\/users\/3"}],"replies":[{"embeddable":true,"href":"https:\/\/www.teodosiocayo.cl\/web\/wp-json\/wp\/v2\/comments?post=31"}],"version-history":[{"count":46,"href":"https:\/\/www.teodosiocayo.cl\/web\/wp-json\/wp\/v2\/pages\/31\/revisions"}],"predecessor-version":[{"id":1632,"href":"https:\/\/www.teodosiocayo.cl\/web\/wp-json\/wp\/v2\/pages\/31\/revisions\/1632"}],"wp:attachment":[{"href":"https:\/\/www.teodosiocayo.cl\/web\/wp-json\/wp\/v2\/media?parent=31"}],"curies":[{"name":"wp","href":"https:\/\/api.w.org\/{rel}","templated":true}]}}