{"id":1653,"date":"2025-03-11T18:34:47","date_gmt":"2025-03-11T22:34:47","guid":{"rendered":"https:\/\/www.teodosiocayo.cl\/web\/?page_id=1653"},"modified":"2025-03-11T18:35:32","modified_gmt":"2025-03-11T22:35:32","slug":"experiencia-profesional-gremial","status":"publish","type":"page","link":"https:\/\/www.teodosiocayo.cl\/web\/experiencia-profesional-gremial\/","title":{"rendered":"Profesional y Gremial"},"content":{"rendered":"<div class=\"wpb-content-wrapper\"><p>[vc_row css=\u00bb.vc_custom_1437430684043{margin-bottom: -5px !important;}\u00bb][vc_column][vc_empty_space height=\u00bb20px\u00bb][vc_custom_heading text=\u00bbTeodosio Cayo Araya | Campo Profesional y Gremial\u00bb font_container=\u00bbtag:h2|text_align:left|color:%2370b509&#8243; google_fonts=\u00bbfont_family:Dosis%3A200%2C300%2Cregular%2C500%2C600%2C700%2C800|font_style:500%20bold%20regular%3A500%3Anormal\u00bb css=\u00bb.vc_custom_1741732148541{margin-bottom: 0px !important;border-bottom-width: 0px !important;padding-bottom: 10px !important;}\u00bb][vc_separator][\/vc_column][\/vc_row][vc_row][vc_column width=\u00bb1\/2&#8243;][vc_column_text css=\u00bb\u00bb]<\/p>\n<h4>Campo Profesional<\/h4>\n<ul>\n<li><strong>Socio fundador de Arenas &amp; Cayo S.A.<\/strong><span style=\"color: #000000;\"> (2006 a la fecha)<\/span><\/li>\n<li><strong>Perito Judicial de la Corte de Apelaciones de Santiago y otras del Pa\u00eds<\/strong><\/li>\n<li><strong>Tasador Certificado Panamericano UPAV<\/strong><span style=\"color: #000000;\"> (2020 a la fecha)<\/span><\/li>\n<li><strong>Jefe de Control de Garant\u00edas de Scotiabank ex Banco Sudamericano<\/strong> <span style=\"color: #000000;\">(1996-1999)<\/span><\/li>\n<li><strong>Gerente de Enajenaci\u00f3n de Activos y Cobranza Judicial Hipotecaria de Citibank NA<\/strong> <span style=\"color: #000000;\">(1999-2006)<\/span><\/li>\n<\/ul>\n<p>[\/vc_column_text][\/vc_column][vc_column width=\u00bb1\/2&#8243;][vc_column_text css=\u00bb\u00bb]<\/p>\n<h4>\u00c1mbito Gremial<\/h4>\n<ul>\n<li><strong>Presidente de la Uni\u00f3n Panamericana de Asociaci\u00f3n de Valuaci\u00f3n, UPAV<\/strong> <span style=\"color: #000000;\">2025-2026<\/span><\/li>\n<li><strong>Presidente del XXXVIII Congreso UPAV-ASATCH<\/strong><span style=\"color: #000000;\">, 2024<\/span><\/li>\n<li><strong>Miembro de la Junta Directiva UPAV<\/strong> <span style=\"color: #000000;\">2022-2024<\/span><\/li>\n<li><strong>Presidente de ASATCH<\/strong> <span style=\"color: #000000;\">2020-2023<\/span><\/li>\n<li><strong>Miembro del Directorio de la Asociaci\u00f3n de Tasadores de Chile<\/strong> <span style=\"color: #000000;\">2017 a la fecha<\/span><\/li>\n<li><strong>Miembro del Comit\u00e9 las Normas Chilenas de Tasaci\u00f3n<\/strong> <span style=\"color: #000000;\">NChT3658\/1 y 2<\/span><\/li>\n<li><strong>Miembro del Consejo Consultivo Empresarial CFT PUCV<\/strong> <span style=\"color: #000000;\">2019-2023<\/span><\/li>\n<li><strong>Ex Miembro de la Comisi\u00f3n de Educaci\u00f3n e Investigaci\u00f3n UPAV<\/strong><\/li>\n<\/ul>\n<p>[\/vc_column_text][\/vc_column][\/vc_row][vc_column][\/vc_column]<\/p>\n<\/div>","protected":false},"excerpt":{"rendered":"<p> [&hellip;]<\/p>\n","protected":false},"author":5,"featured_media":0,"parent":0,"menu_order":0,"comment_status":"closed","ping_status":"closed","template":"","meta":{"footnotes":""},"class_list":["post-1653","page","type-page","status-publish","hentry"],"_links":{"self":[{"href":"https:\/\/www.teodosiocayo.cl\/web\/wp-json\/wp\/v2\/pages\/1653"}],"collection":[{"href":"https:\/\/www.teodosiocayo.cl\/web\/wp-json\/wp\/v2\/pages"}],"about":[{"href":"https:\/\/www.teodosiocayo.cl\/web\/wp-json\/wp\/v2\/types\/page"}],"author":[{"embeddable":true,"href":"https:\/\/www.teodosiocayo.cl\/web\/wp-json\/wp\/v2\/users\/5"}],"replies":[{"embeddable":true,"href":"https:\/\/www.teodosiocayo.cl\/web\/wp-json\/wp\/v2\/comments?post=1653"}],"version-history":[{"count":4,"href":"https:\/\/www.teodosiocayo.cl\/web\/wp-json\/wp\/v2\/pages\/1653\/revisions"}],"predecessor-version":[{"id":1657,"href":"https:\/\/www.teodosiocayo.cl\/web\/wp-json\/wp\/v2\/pages\/1653\/revisions\/1657"}],"wp:attachment":[{"href":"https:\/\/www.teodosiocayo.cl\/web\/wp-json\/wp\/v2\/media?parent=1653"}],"curies":[{"name":"wp","href":"https:\/\/api.w.org\/{rel}","templated":true}]}}